{"id":3329,"date":"2023-04-21T11:04:36","date_gmt":"2023-04-21T17:04:36","guid":{"rendered":"https:\/\/labgift.com.mx\/en\/?page_id=3329"},"modified":"2024-06-04T10:47:58","modified_gmt":"2024-06-04T16:47:58","slug":"training-and-advice","status":"publish","type":"page","link":"http:\/\/labgift.com.mx\/en\/training-and-advice\/","title":{"rendered":"Training and advice"},"content":{"rendered":"<section class=\"wpb-content-wrapper\"><p>[vc_row css=&#8221;.vc_custom_1682029268397{padding-top: 40px !important;padding-bottom: 40px !important;}&#8221;][vc_column][vc_empty_space]<div class=\"wprt-headings clearfix text-center\" data-font=30 style=\"\"><h2 class=\"heading clearfix\" style=\"font-weight:700;color:#000000;font-size:30px;\">\r\n\t\tTRAINING AND ADVICE\r\n\t<\/h2><div class=\"sep  clearfix\" style=\"width:50px;height:4px;background-color:#105e32;\"><\/div><\/div>[vc_empty_space][\/vc_column][\/vc_row][vc_row][vc_column][vc_empty_space height=&#8221;28px&#8221;]\r\n<div class=\"wprt-project-grid\" data-column=\"2\" data-column2=\"2\" data-column3=\"2\" data-column4=\"1\" data-gaph=\"20\" data-gapv=\"20\" data-filter=\"\">\r\n\r\n\t\r\n\t\t<div id=\"portfolio\" class=\"cbp\">\r\n\t\t    \r\n\t            <div class=\"cbp-item capacitaciones \">\r\n\t\t\t\t\t<div class=\"project-box style-2\">\r\n\t\t\t\t\t\t<div class=\"inner\">\r\n\t\t\t\t\t\t\t<div class=\"project-wrap\"><div class=\"project-image\"><img loading=\"lazy\" decoding=\"async\" width=\"860\" height=\"550\" src=\"http:\/\/labgift.com.mx\/en\/wp-content\/uploads\/2017\/11\/manejo-basico.jpg\" class=\"attachment-wprt-rectangle3 size-wprt-rectangle3 wp-post-image\" alt=\"\" srcset=\"http:\/\/labgift.com.mx\/en\/wp-content\/uploads\/2017\/11\/manejo-basico.jpg 860w, http:\/\/labgift.com.mx\/en\/wp-content\/uploads\/2017\/11\/manejo-basico-300x192.jpg 300w, http:\/\/labgift.com.mx\/en\/wp-content\/uploads\/2017\/11\/manejo-basico-768x491.jpg 768w, http:\/\/labgift.com.mx\/en\/wp-content\/uploads\/2017\/11\/manejo-basico-600x384.jpg 600w, http:\/\/labgift.com.mx\/en\/wp-content\/uploads\/2017\/11\/manejo-basico-480x307.jpg 480w\" sizes=\"auto, (max-width: 860px) 100vw, 860px\" \/><\/div><div class=\"project-text\"><div class=\"icon\">\r\n\t\t                    \t\t<a class=\"link\" href=\"http:\/\/labgift.com.mx\/en\/training\/handling-of-gas-chromatograph\/\" title=\"Handling of gas chromatograph\"><i class=\"craft-plus2\"><\/i><\/a>\r\n\t\t                    \t\t<a class=\"zoom-popup cbp-lightbox\" href=\"http:\/\/labgift.com.mx\/en\/wp-content\/uploads\/2017\/11\/manejo-basico.jpg\" data-title=\"Handling of gas chromatograph\"><i class=\"craft-magnifier3\"><\/i><\/a>\r\n\t\t                    \t\t<\/div><\/div><\/div><h2><a href=\"http:\/\/labgift.com.mx\/en\/training\/handling-of-gas-chromatograph\/\" title=\"Handling of gas chromatograph\">Handling of gas chromatograph<\/a><\/h2>\t\t                <\/div>\r\n\t\t\t\t\t<\/div><!-- \/.project-box -->\r\n\t            <\/div><!-- \/.cbp-item -->\r\n\t\t\t\r\n\t            <div class=\"cbp-item capacitaciones \">\r\n\t\t\t\t\t<div class=\"project-box style-2\">\r\n\t\t\t\t\t\t<div class=\"inner\">\r\n\t\t\t\t\t\t\t<div class=\"project-wrap\"><div class=\"project-image\"><img loading=\"lazy\" decoding=\"async\" width=\"860\" height=\"550\" src=\"http:\/\/labgift.com.mx\/en\/wp-content\/uploads\/2017\/11\/manejo-liquido.jpg\" class=\"attachment-wprt-rectangle3 size-wprt-rectangle3 wp-post-image\" alt=\"\" srcset=\"http:\/\/labgift.com.mx\/en\/wp-content\/uploads\/2017\/11\/manejo-liquido.jpg 860w, http:\/\/labgift.com.mx\/en\/wp-content\/uploads\/2017\/11\/manejo-liquido-300x192.jpg 300w, http:\/\/labgift.com.mx\/en\/wp-content\/uploads\/2017\/11\/manejo-liquido-768x491.jpg 768w, http:\/\/labgift.com.mx\/en\/wp-content\/uploads\/2017\/11\/manejo-liquido-600x384.jpg 600w, http:\/\/labgift.com.mx\/en\/wp-content\/uploads\/2017\/11\/manejo-liquido-480x307.jpg 480w\" sizes=\"auto, (max-width: 860px) 100vw, 860px\" \/><\/div><div class=\"project-text\"><div class=\"icon\">\r\n\t\t                    \t\t<a class=\"link\" href=\"http:\/\/labgift.com.mx\/en\/training\/handling-of-liquid-chromatograph\/\" title=\"Handling of liquid chromatograph\"><i class=\"craft-plus2\"><\/i><\/a>\r\n\t\t                    \t\t<a class=\"zoom-popup cbp-lightbox\" href=\"http:\/\/labgift.com.mx\/en\/wp-content\/uploads\/2017\/11\/manejo-liquido.jpg\" data-title=\"Handling of liquid chromatograph\"><i class=\"craft-magnifier3\"><\/i><\/a>\r\n\t\t                    \t\t<\/div><\/div><\/div><h2><a href=\"http:\/\/labgift.com.mx\/en\/training\/handling-of-liquid-chromatograph\/\" title=\"Handling of liquid chromatograph\">Handling of liquid chromatograph<\/a><\/h2>\t\t                <\/div>\r\n\t\t\t\t\t<\/div><!-- \/.project-box -->\r\n\t            <\/div><!-- \/.cbp-item -->\r\n\t\t\t\r\n\t            <div class=\"cbp-item capacitaciones \">\r\n\t\t\t\t\t<div class=\"project-box style-2\">\r\n\t\t\t\t\t\t<div class=\"inner\">\r\n\t\t\t\t\t\t\t<div class=\"project-wrap\"><div class=\"project-image\"><img loading=\"lazy\" decoding=\"async\" width=\"860\" height=\"550\" src=\"http:\/\/labgift.com.mx\/en\/wp-content\/uploads\/2017\/11\/asesoria.jpg\" class=\"attachment-wprt-rectangle3 size-wprt-rectangle3 wp-post-image\" alt=\"\" srcset=\"http:\/\/labgift.com.mx\/en\/wp-content\/uploads\/2017\/11\/asesoria.jpg 860w, http:\/\/labgift.com.mx\/en\/wp-content\/uploads\/2017\/11\/asesoria-300x192.jpg 300w, http:\/\/labgift.com.mx\/en\/wp-content\/uploads\/2017\/11\/asesoria-768x491.jpg 768w, http:\/\/labgift.com.mx\/en\/wp-content\/uploads\/2017\/11\/asesoria-600x384.jpg 600w, http:\/\/labgift.com.mx\/en\/wp-content\/uploads\/2017\/11\/asesoria-480x307.jpg 480w\" sizes=\"auto, (max-width: 860px) 100vw, 860px\" \/><\/div><div class=\"project-text\"><div class=\"icon\">\r\n\t\t                    \t\t<a class=\"link\" href=\"http:\/\/labgift.com.mx\/en\/training\/consulting-in-validation-of-analytical-methods\/\" title=\"Consulting in validation of analytical methods\"><i class=\"craft-plus2\"><\/i><\/a>\r\n\t\t                    \t\t<a class=\"zoom-popup cbp-lightbox\" href=\"http:\/\/labgift.com.mx\/en\/wp-content\/uploads\/2017\/11\/asesoria.jpg\" data-title=\"Consulting in validation of analytical methods\"><i class=\"craft-magnifier3\"><\/i><\/a>\r\n\t\t                    \t\t<\/div><\/div><\/div><h2><a href=\"http:\/\/labgift.com.mx\/en\/training\/consulting-in-validation-of-analytical-methods\/\" title=\"Consulting in validation of analytical methods\">Consulting in validation of analytical methods<\/a><\/h2>\t\t                <\/div>\r\n\t\t\t\t\t<\/div><!-- \/.project-box -->\r\n\t            <\/div><!-- \/.cbp-item -->\r\n\t\t\t\r\n\t            <div class=\"cbp-item capacitaciones \">\r\n\t\t\t\t\t<div class=\"project-box style-2\">\r\n\t\t\t\t\t\t<div class=\"inner\">\r\n\t\t\t\t\t\t\t<div class=\"project-wrap\"><div class=\"project-image\"><img loading=\"lazy\" decoding=\"async\" width=\"860\" height=\"550\" src=\"http:\/\/labgift.com.mx\/en\/wp-content\/uploads\/2017\/11\/buenas-practicas.jpg\" class=\"attachment-wprt-rectangle3 size-wprt-rectangle3 wp-post-image\" alt=\"\" srcset=\"http:\/\/labgift.com.mx\/en\/wp-content\/uploads\/2017\/11\/buenas-practicas.jpg 860w, http:\/\/labgift.com.mx\/en\/wp-content\/uploads\/2017\/11\/buenas-practicas-300x192.jpg 300w, http:\/\/labgift.com.mx\/en\/wp-content\/uploads\/2017\/11\/buenas-practicas-768x491.jpg 768w, http:\/\/labgift.com.mx\/en\/wp-content\/uploads\/2017\/11\/buenas-practicas-600x384.jpg 600w, http:\/\/labgift.com.mx\/en\/wp-content\/uploads\/2017\/11\/buenas-practicas-480x307.jpg 480w\" sizes=\"auto, (max-width: 860px) 100vw, 860px\" \/><\/div><div class=\"project-text\"><div class=\"icon\">\r\n\t\t                    \t\t<a class=\"link\" href=\"http:\/\/labgift.com.mx\/en\/training\/implementation-of-the-good-laboratory-practices-system\/\" title=\"Implementation of the good laboratory practices system\"><i class=\"craft-plus2\"><\/i><\/a>\r\n\t\t                    \t\t<a class=\"zoom-popup cbp-lightbox\" href=\"http:\/\/labgift.com.mx\/en\/wp-content\/uploads\/2017\/11\/buenas-practicas.jpg\" data-title=\"Implementation of the good laboratory practices system\"><i class=\"craft-magnifier3\"><\/i><\/a>\r\n\t\t                    \t\t<\/div><\/div><\/div><h2><a href=\"http:\/\/labgift.com.mx\/en\/training\/implementation-of-the-good-laboratory-practices-system\/\" title=\"Implementation of the good laboratory practices system\">Implementation of the good laboratory practices system<\/a><\/h2>\t\t                <\/div>\r\n\t\t\t\t\t<\/div><!-- \/.project-box -->\r\n\t            <\/div><!-- \/.cbp-item -->\r\n\t\t\t\t\t<\/div><!-- \/#portfolio -->\r\n\r\n\t\t\t\r\n\t\r\n<\/div><!-- \/.wprt-project -->\r\n[\/vc_column][\/vc_row][vc_row css=&#8221;.vc_custom_1682029307777{padding-top: 40px !important;padding-bottom: 40px !important;background-position: center !important;background-repeat: no-repeat !important;background-size: cover !important;}&#8221;][vc_column][vc_empty_space height=&#8221;45px&#8221;][\/vc_column][\/vc_row]<\/p>\n<\/section>","protected":false},"excerpt":{"rendered":"<p>[vc_row css=&#8221;.vc_custom_1682029268397{padding-top: 40px !important;padding-bottom: 40px !important;}&#8221;][vc_column][vc_empty_space][vc_empty_space][\/vc_column][\/vc_row][vc_row][vc_column][vc_empty_space height=&#8221;28px&#8221;][\/vc_column][\/vc_row][vc_row css=&#8221;.vc_custom_1682029307777{padding-top: 40px !important;padding-bottom: 40px !important;background-position: center !important;background-repeat: no-repeat !important;background-size: cover !important;}&#8221;][vc_column][vc_empty_space height=&#8221;45px&#8221;][\/vc_column][\/vc_row]<\/p>\n","protected":false},"author":1,"featured_media":0,"parent":0,"menu_order":0,"comment_status":"closed","ping_status":"closed","template":"","meta":{"footnotes":""},"class_list":["post-3329","page","type-page","status-publish","hentry"],"yoast_head":"<!-- This site is optimized with the Yoast SEO plugin v27.3 - https:\/\/yoast.com\/product\/yoast-seo-wordpress\/ -->\n<title>Capacitaciones y Asesor\u00edas - Laboratorios BPL<\/title>\n<meta name=\"description\" content=\"Manejo de cromat\u00f3grafo de gases, Manejo de cromat\u00f3grafo de l\u00edquidos, Asesor\u00eda en validaci\u00f3n de m\u00e9todos anal\u00edticos e Implementaci\u00f3n del sistema de buenas pr\u00e1cticas de laboratorio.\" \/>\n<meta name=\"robots\" content=\"index, follow, max-snippet:-1, max-image-preview:large, max-video-preview:-1\" \/>\n<link rel=\"canonical\" href=\"http:\/\/labgift.com.mx\/en\/training-and-advice\/\" \/>\n<meta property=\"og:locale\" content=\"en_US\" \/>\n<meta property=\"og:type\" content=\"article\" \/>\n<meta property=\"og:title\" content=\"Capacitaciones y Asesor\u00edas - Laboratorios BPL\" \/>\n<meta property=\"og:description\" content=\"Manejo de cromat\u00f3grafo de gases, Manejo de cromat\u00f3grafo de l\u00edquidos, Asesor\u00eda en validaci\u00f3n de m\u00e9todos anal\u00edticos e Implementaci\u00f3n del sistema de buenas pr\u00e1cticas de laboratorio.\" \/>\n<meta property=\"og:url\" content=\"http:\/\/labgift.com.mx\/en\/training-and-advice\/\" \/>\n<meta property=\"og:site_name\" content=\"Gift Agro laboratory\" \/>\n<meta property=\"article:modified_time\" content=\"2024-06-04T16:47:58+00:00\" \/>\n<meta name=\"twitter:card\" content=\"summary_large_image\" \/>\n<meta name=\"twitter:label1\" content=\"Est. reading time\" \/>\n\t<meta name=\"twitter:data1\" content=\"1 minute\" \/>\n<script type=\"application\/ld+json\" class=\"yoast-schema-graph\">{\"@context\":\"https:\\\/\\\/schema.org\",\"@graph\":[{\"@type\":\"WebPage\",\"@id\":\"http:\\\/\\\/labgift.com.mx\\\/en\\\/training-and-advice\\\/\",\"url\":\"http:\\\/\\\/labgift.com.mx\\\/en\\\/training-and-advice\\\/\",\"name\":\"Capacitaciones y Asesor\u00edas - Laboratorios BPL\",\"isPartOf\":{\"@id\":\"http:\\\/\\\/labgift.com.mx\\\/en\\\/#website\"},\"datePublished\":\"2023-04-21T17:04:36+00:00\",\"dateModified\":\"2024-06-04T16:47:58+00:00\",\"description\":\"Manejo de cromat\u00f3grafo de gases, Manejo de cromat\u00f3grafo de l\u00edquidos, Asesor\u00eda en validaci\u00f3n de m\u00e9todos anal\u00edticos e Implementaci\u00f3n del sistema de buenas pr\u00e1cticas de laboratorio.\",\"breadcrumb\":{\"@id\":\"http:\\\/\\\/labgift.com.mx\\\/en\\\/training-and-advice\\\/#breadcrumb\"},\"inLanguage\":\"en\",\"potentialAction\":[{\"@type\":\"ReadAction\",\"target\":[\"http:\\\/\\\/labgift.com.mx\\\/en\\\/training-and-advice\\\/\"]}]},{\"@type\":\"BreadcrumbList\",\"@id\":\"http:\\\/\\\/labgift.com.mx\\\/en\\\/training-and-advice\\\/#breadcrumb\",\"itemListElement\":[{\"@type\":\"ListItem\",\"position\":1,\"name\":\"Portada\",\"item\":\"http:\\\/\\\/labgift.com.mx\\\/en\\\/\"},{\"@type\":\"ListItem\",\"position\":2,\"name\":\"Training and advice\"}]},{\"@type\":\"WebSite\",\"@id\":\"http:\\\/\\\/labgift.com.mx\\\/en\\\/#website\",\"url\":\"http:\\\/\\\/labgift.com.mx\\\/en\\\/\",\"name\":\"Gift Agro laboratory\",\"description\":\"\",\"publisher\":{\"@id\":\"http:\\\/\\\/labgift.com.mx\\\/en\\\/#organization\"},\"potentialAction\":[{\"@type\":\"SearchAction\",\"target\":{\"@type\":\"EntryPoint\",\"urlTemplate\":\"http:\\\/\\\/labgift.com.mx\\\/en\\\/?s={search_term_string}\"},\"query-input\":{\"@type\":\"PropertyValueSpecification\",\"valueRequired\":true,\"valueName\":\"search_term_string\"}}],\"inLanguage\":\"en\"},{\"@type\":\"Organization\",\"@id\":\"http:\\\/\\\/labgift.com.mx\\\/en\\\/#organization\",\"name\":\"Gift Agro laboratory\",\"url\":\"http:\\\/\\\/labgift.com.mx\\\/en\\\/\",\"logo\":{\"@type\":\"ImageObject\",\"inLanguage\":\"en\",\"@id\":\"http:\\\/\\\/labgift.com.mx\\\/en\\\/#\\\/schema\\\/logo\\\/image\\\/\",\"url\":\"https:\\\/\\\/labgift.com.mx\\\/en\\\/wp-content\\\/uploads\\\/2023\\\/04\\\/logo-gift.png\",\"contentUrl\":\"https:\\\/\\\/labgift.com.mx\\\/en\\\/wp-content\\\/uploads\\\/2023\\\/04\\\/logo-gift.png\",\"width\":182,\"height\":95,\"caption\":\"Gift Agro laboratory\"},\"image\":{\"@id\":\"http:\\\/\\\/labgift.com.mx\\\/en\\\/#\\\/schema\\\/logo\\\/image\\\/\"}}]}<\/script>\n<!-- \/ Yoast SEO plugin. -->","yoast_head_json":{"title":"Capacitaciones y Asesor\u00edas - Laboratorios BPL","description":"Manejo de cromat\u00f3grafo de gases, Manejo de cromat\u00f3grafo de l\u00edquidos, Asesor\u00eda en validaci\u00f3n de m\u00e9todos anal\u00edticos e Implementaci\u00f3n del sistema de buenas pr\u00e1cticas de laboratorio.","robots":{"index":"index","follow":"follow","max-snippet":"max-snippet:-1","max-image-preview":"max-image-preview:large","max-video-preview":"max-video-preview:-1"},"canonical":"http:\/\/labgift.com.mx\/en\/training-and-advice\/","og_locale":"en_US","og_type":"article","og_title":"Capacitaciones y Asesor\u00edas - Laboratorios BPL","og_description":"Manejo de cromat\u00f3grafo de gases, Manejo de cromat\u00f3grafo de l\u00edquidos, Asesor\u00eda en validaci\u00f3n de m\u00e9todos anal\u00edticos e Implementaci\u00f3n del sistema de buenas pr\u00e1cticas de laboratorio.","og_url":"http:\/\/labgift.com.mx\/en\/training-and-advice\/","og_site_name":"Gift Agro laboratory","article_modified_time":"2024-06-04T16:47:58+00:00","twitter_card":"summary_large_image","twitter_misc":{"Est. reading time":"1 minute"},"schema":{"@context":"https:\/\/schema.org","@graph":[{"@type":"WebPage","@id":"http:\/\/labgift.com.mx\/en\/training-and-advice\/","url":"http:\/\/labgift.com.mx\/en\/training-and-advice\/","name":"Capacitaciones y Asesor\u00edas - Laboratorios BPL","isPartOf":{"@id":"http:\/\/labgift.com.mx\/en\/#website"},"datePublished":"2023-04-21T17:04:36+00:00","dateModified":"2024-06-04T16:47:58+00:00","description":"Manejo de cromat\u00f3grafo de gases, Manejo de cromat\u00f3grafo de l\u00edquidos, Asesor\u00eda en validaci\u00f3n de m\u00e9todos anal\u00edticos e Implementaci\u00f3n del sistema de buenas pr\u00e1cticas de laboratorio.","breadcrumb":{"@id":"http:\/\/labgift.com.mx\/en\/training-and-advice\/#breadcrumb"},"inLanguage":"en","potentialAction":[{"@type":"ReadAction","target":["http:\/\/labgift.com.mx\/en\/training-and-advice\/"]}]},{"@type":"BreadcrumbList","@id":"http:\/\/labgift.com.mx\/en\/training-and-advice\/#breadcrumb","itemListElement":[{"@type":"ListItem","position":1,"name":"Portada","item":"http:\/\/labgift.com.mx\/en\/"},{"@type":"ListItem","position":2,"name":"Training and advice"}]},{"@type":"WebSite","@id":"http:\/\/labgift.com.mx\/en\/#website","url":"http:\/\/labgift.com.mx\/en\/","name":"Gift Agro laboratory","description":"","publisher":{"@id":"http:\/\/labgift.com.mx\/en\/#organization"},"potentialAction":[{"@type":"SearchAction","target":{"@type":"EntryPoint","urlTemplate":"http:\/\/labgift.com.mx\/en\/?s={search_term_string}"},"query-input":{"@type":"PropertyValueSpecification","valueRequired":true,"valueName":"search_term_string"}}],"inLanguage":"en"},{"@type":"Organization","@id":"http:\/\/labgift.com.mx\/en\/#organization","name":"Gift Agro laboratory","url":"http:\/\/labgift.com.mx\/en\/","logo":{"@type":"ImageObject","inLanguage":"en","@id":"http:\/\/labgift.com.mx\/en\/#\/schema\/logo\/image\/","url":"https:\/\/labgift.com.mx\/en\/wp-content\/uploads\/2023\/04\/logo-gift.png","contentUrl":"https:\/\/labgift.com.mx\/en\/wp-content\/uploads\/2023\/04\/logo-gift.png","width":182,"height":95,"caption":"Gift Agro laboratory"},"image":{"@id":"http:\/\/labgift.com.mx\/en\/#\/schema\/logo\/image\/"}}]}},"_links":{"self":[{"href":"http:\/\/labgift.com.mx\/en\/wp-json\/wp\/v2\/pages\/3329","targetHints":{"allow":["GET"]}}],"collection":[{"href":"http:\/\/labgift.com.mx\/en\/wp-json\/wp\/v2\/pages"}],"about":[{"href":"http:\/\/labgift.com.mx\/en\/wp-json\/wp\/v2\/types\/page"}],"author":[{"embeddable":true,"href":"http:\/\/labgift.com.mx\/en\/wp-json\/wp\/v2\/users\/1"}],"replies":[{"embeddable":true,"href":"http:\/\/labgift.com.mx\/en\/wp-json\/wp\/v2\/comments?post=3329"}],"version-history":[{"count":6,"href":"http:\/\/labgift.com.mx\/en\/wp-json\/wp\/v2\/pages\/3329\/revisions"}],"predecessor-version":[{"id":3524,"href":"http:\/\/labgift.com.mx\/en\/wp-json\/wp\/v2\/pages\/3329\/revisions\/3524"}],"wp:attachment":[{"href":"http:\/\/labgift.com.mx\/en\/wp-json\/wp\/v2\/media?parent=3329"}],"curies":[{"name":"wp","href":"https:\/\/api.w.org\/{rel}","templated":true}]}}